{"id":39,"date":"2025-08-19T12:32:03","date_gmt":"2025-08-19T12:32:03","guid":{"rendered":"https:\/\/desarrollo.sysdigital.com.ve\/wp\/?page_id=39"},"modified":"2025-10-05T17:45:50","modified_gmt":"2025-10-05T17:45:50","slug":"estadistica-basica-y-avanzada","status":"publish","type":"page","link":"https:\/\/desarrollo.sysdigital.com.ve\/wp\/estadistica-basica-y-avanzada\/","title":{"rendered":"NO-Estad\u00edstica b\u00e1sica y avanzada"},"content":{"rendered":"\n\n\n\n\n\n\n\n<p><em>&#8211; \u00bfTrabajas<\/em><em> en I+D+i y necesitas validar prototipos<\/em>?<\/p>\n\n\n\n<p><em>.- \u00bfEres l\u00edder y quier<\/em><em>es optimizar procesos con datos<\/em>?<\/p>\n\n\n\n<p><em>.- \u00bfTe preparas para publicar estudios t\u00e9cnicos o cient\u00edficos<\/em>?<\/p>\n\n\n\n<p>.- \u00bf<em>Quieres trasformar tu organizaci\u00f3n con datos y tomar decisiones con confianza<\/em>?<\/p>\n\n\n\n<p>Te ayudamos con los siguientes cursos<\/p>\n\n\n\n\n\n\n\n\n<strong><a href=\"https:\/\/desarrollo.sysdigital.com.ve\/wp\/diseno-de-experimento-la-ciencia-de-mejorar-productos-y-procesos\/\" data-type=\"page\" data-id=\"51\">Dise\u00f1o de Experimentos: la ciencia de mejorar productos y procesos<\/a><\/strong>\n\n\n\n<strong><a href=\"https:\/\/desarrollo.sysdigital.com.ve\/wp\/tabla-de-contigencia-descrubre-patrones-ocultos-en-datos-categoricos\/\" data-type=\"page\" data-id=\"55\">Tabla de contigencia: descrubre patrones ocultos en datos categ\u00f3ricos<\/a><\/strong>\n\n\n\n<strong><a href=\"https:\/\/desarrollo.sysdigital.com.ve\/wp\/analisis-multivariados-simplificando-datos-complejos-visualizar-preferencias-y-percepciones\/\" data-type=\"page\" data-id=\"58\">An\u00e1lisis multivariados: simplificando datos complejos, visualizar preferencias y percepciones<\/a><\/strong>\n\n\n\n\n\n\n\n<p class=\"has-text-align-center\"><\/p>\n\n\n\n<h2><strong><mark style=\"background-color:rgba(0, 0, 0, 0)\" class=\"has-inline-color has-neve-link-color-color\">Modalidad de capacitaci\u00f3n<\/mark><\/strong><\/h2>\n\n\n\n\n16 horas por cursos en tres semanas\n\n\n\n100% Virtual\n\n\n\nAula virtual, de acceso permanente\n\n\n\nHorario flexible\n\n\n\nAtenci\u00f3n personalizada\n\n\n\n\n<h2><strong><mark style=\"background-color:rgba(0, 0, 0, 0)\" class=\"has-inline-color has-neve-link-color-color\">Facilitador<\/mark><\/strong><\/h2>\n\n\n\n<div class=\"wp-block-group\"><div class=\"wp-block-group__inner-container is-layout-constrained wp-block-group-is-layout-constrained\">\n<div class=\"wp-block-columns is-layout-flex wp-container-core-columns-is-layout-9d6595d7 wp-block-columns-is-layout-flex\">\n<div class=\"wp-block-column is-layout-flow wp-block-column-is-layout-flow\" style=\"flex-basis:100%\">\n<div class=\"wp-block-columns is-layout-flex wp-container-core-columns-is-layout-9d6595d7 wp-block-columns-is-layout-flex\">\n<div class=\"wp-block-column is-layout-flow wp-block-column-is-layout-flow\" style=\"flex-basis:100%\">\n<div class=\"wp-block-group\"><div class=\"wp-block-group__inner-container is-layout-constrained wp-block-group-is-layout-constrained\">\n\n<div class=\"wp-block-column is-layout-flow wp-block-column-is-layout-flow\" style=\"flex-basis:33.33%\">\n\n\n<p>Lorem Ipsum has been the industry&#8217;s standard dummy text ever since the 1500s.<\/p>\n\n\n\n\n\n\nIng. Agron\u00f3nomo, MSc en Ecolog\u00eda\n\n\n\nMas de 25 a\u00f1os de experiencia en metodologia de investigaci\u00f3n, analisis de datos, docencia universitaria,  producci\u00f3n y gerencia de empresas\n\n\n\n<\/div>\n\n<\/div><\/div>\n<\/div>\n<\/div>\n<\/div>\n<\/div>\n<\/div><\/div>\n\n\n\nCharla gratis sobre herramientas estad\u00edsticas el 11 de septiembre\u00a1\u00a1\u00a1\u00a1 reserva tu cupo ya\u00a1\u00a1\u00a1\n","protected":false},"excerpt":{"rendered":"","protected":false},"author":4,"featured_media":0,"parent":0,"menu_order":0,"comment_status":"closed","ping_status":"closed","template":"","meta":{"pagelayer_contact_templates":[],"_pagelayer_content":"","neve_meta_sidebar":"","neve_meta_container":"","neve_meta_enable_content_width":"","neve_meta_content_width":0,"neve_meta_title_alignment":"","neve_meta_author_avatar":"","neve_post_elements_order":"","neve_meta_disable_header":"","neve_meta_disable_footer":"","neve_meta_disable_title":"","footnotes":""},"class_list":["post-39","page","type-page","status-publish","hentry"],"_links":{"self":[{"href":"https:\/\/desarrollo.sysdigital.com.ve\/wp\/wp-json\/wp\/v2\/pages\/39","targetHints":{"allow":["GET"]}}],"collection":[{"href":"https:\/\/desarrollo.sysdigital.com.ve\/wp\/wp-json\/wp\/v2\/pages"}],"about":[{"href":"https:\/\/desarrollo.sysdigital.com.ve\/wp\/wp-json\/wp\/v2\/types\/page"}],"author":[{"embeddable":true,"href":"https:\/\/desarrollo.sysdigital.com.ve\/wp\/wp-json\/wp\/v2\/users\/4"}],"replies":[{"embeddable":true,"href":"https:\/\/desarrollo.sysdigital.com.ve\/wp\/wp-json\/wp\/v2\/comments?post=39"}],"version-history":[{"count":21,"href":"https:\/\/desarrollo.sysdigital.com.ve\/wp\/wp-json\/wp\/v2\/pages\/39\/revisions"}],"predecessor-version":[{"id":736,"href":"https:\/\/desarrollo.sysdigital.com.ve\/wp\/wp-json\/wp\/v2\/pages\/39\/revisions\/736"}],"wp:attachment":[{"href":"https:\/\/desarrollo.sysdigital.com.ve\/wp\/wp-json\/wp\/v2\/media?parent=39"}],"curies":[{"name":"wp","href":"https:\/\/api.w.org\/{rel}","templated":true}]}}